{"id":53,"date":"2014-07-21T09:57:25","date_gmt":"2014-07-21T08:57:25","guid":{"rendered":"http:\/\/rossier.ch\/?page_id=53"},"modified":"2014-08-04T14:03:07","modified_gmt":"2014-08-04T13:03:07","slug":"magnetisme","status":"publish","type":"page","link":"https:\/\/rossier.ch\/?page_id=53","title":{"rendered":"Magn\u00e9tisme"},"content":{"rendered":"<p>Le magn\u00e9tisme, ou soin spirituel car il rel\u00e8ve de l&rsquo;esprit, consiste en la transmission de l&rsquo;\u00e9nergie universelle \u00e0 des fins de gu\u00e9rison, de soulagement. La force de cette \u00e9nergie est qu&rsquo;elle n&rsquo;a pas de limite et peut donc agir \u00e0 tout niveau. Aussi, guid\u00e9 par mes mains, j&rsquo;impose celles-ci sur les endroits du corps qui n\u00e9cessite d&rsquo;\u00eatre soign\u00e9s.<\/p>\n<p><a href=\"https:\/\/rossier.ch\/wp-content\/uploads\/2014\/07\/main1.jpg\"><img loading=\"lazy\" decoding=\"async\" class=\"aligncenter size-medium wp-image-76\" src=\"https:\/\/rossier.ch\/wp-content\/uploads\/2014\/07\/main1-300x205.jpg\" alt=\"main1\" width=\"300\" height=\"205\" srcset=\"https:\/\/rossier.ch\/wp-content\/uploads\/2014\/07\/main1-300x205.jpg 300w, https:\/\/rossier.ch\/wp-content\/uploads\/2014\/07\/main1.jpg 400w\" sizes=\"auto, (max-width: 300px) 100vw, 300px\" \/><\/a><\/p>\n<p><strong>Questions fr\u00e9quentes:<\/strong><\/p>\n<ol>\n<li><span style=\"color: #993300;\"><em>Comment faut-il se pr\u00e9parer avant le soin?<\/em><\/span><br \/>\nIl faut prendre le temps de se mettre au calme afin d\u2019accepter pleinement la gu\u00e9rison.<\/li>\n<li><span style=\"color: #993300;\"><em>Comment se passe un soin?<strong><br \/>\n<\/strong><\/em><\/span>La personne est simplement couch\u00e9e, dans un \u00e9tat de rel\u00e2chement et d\u2019acceptation de l\u2019\u00e9nergie de gu\u00e9rison. Puis le gu\u00e9risseur impose ses mains selon son ressenti sur les parties du corps qui doivent \u00eatre trait\u00e9es.<\/li>\n<li><span style=\"color: #993300;\"><em>Combien de soins sont n\u00e9cessaires?<\/em><\/span><br \/>\nIl n\u2019y a pas de r\u00e8gles absolues, le besoin \u00e9tant diff\u00e9rent pour chacun. C&rsquo;est pourquoi je vous indiquerai apr\u00e8s chaque soin si j&rsquo;estime que vous avez besoin d\u2019en faire un autre.<\/li>\n<li><span style=\"color: #993300;\"><em>Qu\u2019est-ce que la gu\u00e9rison?<\/em><\/span><br \/>\nVaste question, mais l&rsquo;on peut simplement dire que gu\u00e9rir, c\u2019est se lib\u00e9rer d\u2019une entrave. Celle-ci touche, d&rsquo;une mani\u00e8re simplifi\u00e9e, le corps physique et les corps subtils. Ces corps sont \u00e9troitement imbriqu\u00e9s, mais on s&rsquo;accorde \u00e0 dire que le corps physique est le r\u00e9v\u00e9lateur des corps subtils, de l&rsquo;esprit. C&rsquo;est pourquoi tout probl\u00e8me physique doit nous mener \u00e0 une r\u00e9flexion sur soi. Si celle-ci n&rsquo;est pas effectu\u00e9e, alors il est probable que la maladie r\u00e9apparaisse. Ainsi un soin peut contribuer soit \u00e0 l&rsquo;\u00e9radication totale de la maladie si la personne est pr\u00eate pour cela, ou alors \u00e0 donner une r\u00e9mission le temps n\u00e9cessaire pour la prise de conscience. La gu\u00e9rison totale \u00e9tant la r\u00e9sultante de la r\u00e9paration des corps physique et subtils.<\/li>\n<li><span style=\"color: #993300;\"><em>Comment agit la gu\u00e9rison spirituelle?<\/em><\/span><br \/>\nLes soins spirituels ont l&rsquo;immense avantage de pouvoir agir \u00e0 tous les niveaux, physique et subtils. Cependant, tous les gu\u00e9risseurs disent que la moiti\u00e9 de la gu\u00e9rison provient du patient lui-m\u00eame et que l&rsquo;autre moiti\u00e9 vient de ce qui nous d\u00e9passe. On peut l&rsquo;appeler l&rsquo;\u00e9nergie universelle, la source, la lumi\u00e8re ou Dieu. Il est donc impossible de d\u00e9crire le m\u00e9canisme, n&rsquo;\u00e9tant pas nous-m\u00eames la source. Pour exemple, les os se consolident apr\u00e8s fracture et les plaies cicatrisent \u00ab\u00a0sans l&rsquo;aide de personne\u00a0\u00bb.<\/li>\n<li><span style=\"color: #993300;\"><em>Est-ce le gu\u00e9risseur qui gu\u00e9rit?<\/em><\/span><br \/>\nNon, le gu\u00e9risseur est un interm\u00e9diaire qui travaille avec le monde spirituel pour votre bien. Il a simplement d\u00e9velopp\u00e9 sa capacit\u00e9 \u00e0 se mettre au service de plus grand que lui au profit d&rsquo;autrui.<\/li>\n<li><span style=\"color: #993300;\"><em>Que puis-je demander \u00e0 soigner?<\/em><\/span><br \/>\nTout! Vous pouvez demander \u00e0 traiter tout sympt\u00f4me d\u00e9j\u00e0 diagnostiqu\u00e9, quel que soit sa gravit\u00e9. Mais aussi tout ce qui est non physique. C&rsquo;est-\u00e0-dire par exemple: moins souffrir du stress; avoir plus de confiance en soi; arr\u00eater de fumer ou toute autre addiction; etc. L&rsquo;important est: de formuler votre v\u0153u de mani\u00e8re positive (ex: \u00ab\u00a0je veux gu\u00e9rir de &#8230;\u00a0\u00bb et non \u00ab\u00a0je ne veux pas souffrir de &#8230;\u00a0\u00bb; de le demander avec votre c\u0153ur, de le vouloir vraiment, et non \u00e0 des fins de test car nous ne sommes pas des machines.<\/li>\n<li><span style=\"color: #993300;\"><em>Quel est le tarif d\u2019un soin?<\/em><\/span><br \/>\nLes soins sont effectu\u00e9s sur le principe du don. Vous trouverez un explicatif d\u00e9taill\u00e9 de cette <a title=\"Don\" href=\"https:\/\/rossier.ch\/?page_id=73\" target=\"_blank\">approche ici<\/a>.<\/li>\n<li><span style=\"color: #993300;\"><em>Que faut-il faire apr\u00e8s un soin?<\/em><\/span><br \/>\nLes \u00e9nergies d\u00e9plac\u00e9es pendant le soin peuvent parfois \u00eatre tr\u00e8s fortes. Vous ressentirez alors un \u00e9tat de fatigue ou, au contraire, une nouvelle vitalit\u00e9! Dans les deux cas, \u00e9coutez vous et faites ce qu&rsquo;il vous semble juste. Si vous sentez devoir faire une sieste, faites-l\u00e0. Ou si vous voulez r\u00e9soudre une affaire qui tra\u00eene, faites-le. Dans tous les cas, veillez \u00e0 beaucoup boire d&rsquo;eau dans les jours qui suivent, \u00e0 adopter un mode de vie le plus sain possible et \u00e0 vous \u00e9couter et agir en cons\u00e9quence!<\/li>\n<li><span style=\"color: #993300;\"><em>Faut-il abandonner le traitement prescrit par mon m\u00e9decin?<\/em><\/span><br \/>\nIl n\u2019est en aucune mani\u00e8re recommand\u00e9 de quitter le suivi m\u00e9dical traditionnel. En fonction de votre \u00e9volution, c\u2019est \u00e0 vous de sentir ce qui vous convient le mieux et d\u2019agir en cons\u00e9quence et en accord avec les personnes qui vous suivent. Ceci en gardant \u00e0 l\u2019esprit que la premi\u00e8re source de gu\u00e9rison, c\u2019est vous-m\u00eame!<\/li>\n<li><span style=\"color: #993300;\"><em>Y&rsquo;a-t-il des risques avec le Mal?<strong><br \/>\n<\/strong><\/em><\/span>Clairement, non. Il n&rsquo;y a aucune crainte \u00e0 avoir car il n&rsquo;existe qu&rsquo;une source du bien, donc de gu\u00e9rison, dans l&rsquo;univers. Cette source est la lumi\u00e8re ou Dieu pour les chr\u00e9tiens. Aussi, parce que cette question est d\u00e9licate, en cas de doute, il vous suffit de demander \u00e0 ne recevoir que le bien et, de cette fa\u00e7on, vous vous prot\u00e9gerez automatiquement car le bien est plus fort que le mal. Autrement dit, la lumi\u00e8re chasse l&rsquo;ombre. De plus, \u00e0 aucun moment un quelconque gu\u00e9risseur ne peut prendre le contr\u00f4le de votre esprit \u00e0 l&rsquo;encontre de votre volont\u00e9. Vous exercez \u00e0 tout moment votre libre arbitre et les personnes qui rencontrent des probl\u00e8mes sont celles qui ont, \u00e0 un moment ou un autre, d\u00e9l\u00e9gu\u00e9 leur pouvoir de d\u00e9cision. C&rsquo;est pourquoi il ne faut pas idol\u00e2trer mais s&rsquo;inspirer d&rsquo;autrui si nous pensons que celui-ci est bon.<\/li>\n<li><em><span style=\"color: #993300;\">Je ne suis pas sp\u00e9cialement malade, est-ce utile pour moi?<\/span><br \/>\n<\/em>Oui, car la gu\u00e9rison spirituelle agit sur plusieurs niveaux. Vous pouvez donc venir en demandant \u00e0 r\u00e9soudre des soucis non physique (ex: arr\u00eater de fumer). Vous pouvez aussi simplement demander \u00e0 d\u00e9toxifier votre corps (ex: nettoyer le foie; enlever les m\u00e9taux lourds; etc.).<\/li>\n<\/ol>\n","protected":false},"excerpt":{"rendered":"<p>Le magn\u00e9tisme, ou soin spirituel car il rel\u00e8ve de l&rsquo;esprit, consiste en la transmission de l&rsquo;\u00e9nergie universelle \u00e0 des fins de gu\u00e9rison, de soulagement. La force de cette \u00e9nergie est qu&rsquo;elle n&rsquo;a pas de limite et peut donc agir \u00e0 tout niveau. Aussi, guid\u00e9 par mes mains, j&rsquo;impose celles-ci sur les endroits du corps qui &hellip; <a href=\"https:\/\/rossier.ch\/?page_id=53\" class=\"more-link\">Continuer la lecture de <span class=\"screen-reader-text\">Magn\u00e9tisme<\/span> <span class=\"meta-nav\">&rarr;<\/span><\/a><\/p>\n","protected":false},"author":1,"featured_media":0,"parent":0,"menu_order":0,"comment_status":"closed","ping_status":"open","template":"","meta":{"footnotes":""},"class_list":["post-53","page","type-page","status-publish","hentry"],"_links":{"self":[{"href":"https:\/\/rossier.ch\/index.php?rest_route=\/wp\/v2\/pages\/53","targetHints":{"allow":["GET"]}}],"collection":[{"href":"https:\/\/rossier.ch\/index.php?rest_route=\/wp\/v2\/pages"}],"about":[{"href":"https:\/\/rossier.ch\/index.php?rest_route=\/wp\/v2\/types\/page"}],"author":[{"embeddable":true,"href":"https:\/\/rossier.ch\/index.php?rest_route=\/wp\/v2\/users\/1"}],"replies":[{"embeddable":true,"href":"https:\/\/rossier.ch\/index.php?rest_route=%2Fwp%2Fv2%2Fcomments&post=53"}],"version-history":[{"count":9,"href":"https:\/\/rossier.ch\/index.php?rest_route=\/wp\/v2\/pages\/53\/revisions"}],"predecessor-version":[{"id":100,"href":"https:\/\/rossier.ch\/index.php?rest_route=\/wp\/v2\/pages\/53\/revisions\/100"}],"wp:attachment":[{"href":"https:\/\/rossier.ch\/index.php?rest_route=%2Fwp%2Fv2%2Fmedia&parent=53"}],"curies":[{"name":"wp","href":"https:\/\/api.w.org\/{rel}","templated":true}]}}