{"id":73,"date":"2014-07-21T15:40:35","date_gmt":"2014-07-21T14:40:35","guid":{"rendered":"http:\/\/rossier.ch\/?page_id=73"},"modified":"2015-02-12T17:58:14","modified_gmt":"2015-02-12T16:58:14","slug":"don","status":"publish","type":"page","link":"https:\/\/rossier.ch\/?page_id=73","title":{"rendered":"Don"},"content":{"rendered":"<p><strong>Pourquoi se baser sur le don?<\/strong><\/p>\n<p>Premi\u00e8rement parce que certaines personnes n&rsquo;ont tout simplement pas l&rsquo;argent n\u00e9cessaire pour sortir du syst\u00e8me traditionnel de sant\u00e9. Or ceci n&rsquo;est pas juste de mettre une telle barri\u00e8re pour acc\u00e9der aux soins spirituels.<\/p>\n<p>Deuxi\u00e8mement, pourquoi facturer ce qui nous est donn\u00e9? La gu\u00e9rison spirituelle fait appel \u00e0 une dimension sup\u00e9rieure qui ne nous demande rien en retour, on ne peut donc se l&rsquo;approprier. Mais, il faut payer nos diverses factures dit-on. Cela est vrai, mais uniquement parce que l&rsquo;homme a mis ses propres barri\u00e8res. La nature ne nous facture rien, ni l&rsquo;air, ni l&rsquo;eau, ni les patates!<\/p>\n<p>Troisi\u00e8mement, le syst\u00e8me mon\u00e9taire actuellement en vigueur est un syst\u00e8me d&rsquo;asservissement qui donne un pouvoir immense \u00e0 une minorit\u00e9 d&rsquo;individus via la cr\u00e9ation de l&rsquo;argent. Vouloir continuer d&rsquo;utiliser un tel syst\u00e8me, c&rsquo;est se rendre esclave et cautionner les in\u00e9galit\u00e9s. Il faut donc mettre son ego de c\u00f4t\u00e9 et envisager une autre relation \u00e0 l&rsquo;autre. Un premier pas dans ce sens vient d&rsquo;\u00eatre fait avec le lancement d&rsquo;une initiative pour que l&rsquo;Etat suisse soit \u00e0 la base de la cr\u00e9ation mon\u00e9taire: <a href=\"http:\/\/www.initiative-monnaie-pleine.ch\" target=\"_blank\">http:\/\/www.initiative-monnaie-pleine.ch<\/a> Je vous encourage vivement \u00e0 signer cette initiative!<\/p>\n<p>Pourquoi donner alors? Parce que, comme dit avant, il faut bien payer ses factures en attendant que le syst\u00e8me \u00e9volue. D&rsquo;autre part, il s&rsquo;agit de r\u00e9tablir une \u00e9galit\u00e9 par le bas, c&rsquo;est \u00e0 dire hors des syst\u00e8mes institutionnalis\u00e9s dont l&rsquo;efficacit\u00e9 s&rsquo;amenuise. Ainsi, les personnes qui ont les moyens font un don sup\u00e9rieur, selon leur bon c\u0153ur, afin de permettre \u00e0 des gens moins fortun\u00e9s, mais tout aussi louables, de pouvoir aussi s&rsquo;am\u00e9liorer sur le chemin de la vie. De cette mani\u00e8re, une certaine balance se cr\u00e9e et permet \u00e0 tous de combler ses besoins. A titre indicatif, la facturation d\u2019un soin va de 50.- \u00e0 150.- CHF selon les th\u00e9rapies.<\/p>\n<p>Il est aussi possible de faire un don apr\u00e8s coup. Par exemple pour les personnes venant dans un esprit de d\u00e9couverte et qui voient par la suite de soins une am\u00e9lioration de leur \u00e9tat, alors il est possible de faire un don sur le compte IBAN CH24 0076 8300 1149 0990 5. Nous nous engageons \u00e0 utiliser chaque don afin de promouvoir l&rsquo;ouverture des c\u0153urs.<\/p>\n<p>En dernier lieu, la suppression de l&rsquo;obligation mon\u00e9taire force \u00e0 envisager la relation th\u00e9rapeutique d&rsquo;une mani\u00e8re diff\u00e9rente. Elle donne \u00e0 celle-ci la libert\u00e9. C&rsquo;est-\u00e0-dire que le patient ne met plus sa gu\u00e9rison \u00ab\u00a0hors de lui\u00a0\u00bb, via l&rsquo;argent et les attentes qui en d\u00e9coulent. De m\u00eame pour le th\u00e9rapeute, son seul int\u00e9r\u00eat devient alors le bien-\u00eatre du patient, et non ce qu&rsquo;il repr\u00e9sente via son porte-monnaie.<\/p>\n<p>Ce sont l\u00e0, \u00e0 mon avis, des principes fondamentaux pour une nouvelle approche des \u00e9changes, quels qu&rsquo;ils soient. Bien entendu cela prendra du temps car une \u00e9volution importante des mentalit\u00e9s est n\u00e9cessaire, mais il faut bien commencer une fois! Aussi faisons le premier pas!<\/p>\n","protected":false},"excerpt":{"rendered":"<p>Pourquoi se baser sur le don? Premi\u00e8rement parce que certaines personnes n&rsquo;ont tout simplement pas l&rsquo;argent n\u00e9cessaire pour sortir du syst\u00e8me traditionnel de sant\u00e9. Or ceci n&rsquo;est pas juste de mettre une telle barri\u00e8re pour acc\u00e9der aux soins spirituels. Deuxi\u00e8mement, pourquoi facturer ce qui nous est donn\u00e9? La gu\u00e9rison spirituelle fait appel \u00e0 une dimension &hellip; <a href=\"https:\/\/rossier.ch\/?page_id=73\" class=\"more-link\">Continuer la lecture de <span class=\"screen-reader-text\">Don<\/span> <span class=\"meta-nav\">&rarr;<\/span><\/a><\/p>\n","protected":false},"author":1,"featured_media":0,"parent":0,"menu_order":0,"comment_status":"closed","ping_status":"open","template":"","meta":{"footnotes":""},"class_list":["post-73","page","type-page","status-publish","hentry"],"_links":{"self":[{"href":"https:\/\/rossier.ch\/index.php?rest_route=\/wp\/v2\/pages\/73","targetHints":{"allow":["GET"]}}],"collection":[{"href":"https:\/\/rossier.ch\/index.php?rest_route=\/wp\/v2\/pages"}],"about":[{"href":"https:\/\/rossier.ch\/index.php?rest_route=\/wp\/v2\/types\/page"}],"author":[{"embeddable":true,"href":"https:\/\/rossier.ch\/index.php?rest_route=\/wp\/v2\/users\/1"}],"replies":[{"embeddable":true,"href":"https:\/\/rossier.ch\/index.php?rest_route=%2Fwp%2Fv2%2Fcomments&post=73"}],"version-history":[{"count":3,"href":"https:\/\/rossier.ch\/index.php?rest_route=\/wp\/v2\/pages\/73\/revisions"}],"predecessor-version":[{"id":126,"href":"https:\/\/rossier.ch\/index.php?rest_route=\/wp\/v2\/pages\/73\/revisions\/126"}],"wp:attachment":[{"href":"https:\/\/rossier.ch\/index.php?rest_route=%2Fwp%2Fv2%2Fmedia&parent=73"}],"curies":[{"name":"wp","href":"https:\/\/api.w.org\/{rel}","templated":true}]}}